{"id":41,"date":"2024-07-24T10:14:29","date_gmt":"2024-07-24T10:14:29","guid":{"rendered":"https:\/\/demo2wpopal.b-cdn.net\/havezic\/?page_id=41"},"modified":"2024-12-27T17:38:03","modified_gmt":"2024-12-27T17:38:03","slug":"about-us","status":"publish","type":"page","link":"https:\/\/crazycameltravel.com\/hu\/about-us\/","title":{"rendered":"R\u00f3lunk"},"content":{"rendered":"<div data-elementor-type=\"wp-page\" data-elementor-id=\"41\" class=\"elementor elementor-41\">\n\t\t\t\t<div class=\"elementor-element elementor-element-7e8d82e e-flex e-con-boxed e-con e-parent\" data-id=\"7e8d82e\" data-element_type=\"container\" data-settings=\"{&quot;background_background&quot;:&quot;classic&quot;,&quot;container_type&quot;:&quot;flex&quot;,&quot;content_width&quot;:&quot;boxed&quot;}\" data-core-v316-plus=\"true\">\n\t\t\t\t\t<div class=\"e-con-inner\">\n\t\t\t\t<div class=\"elementor-element elementor-element-2bbeade elementor-widget elementor-widget-heading\" data-id=\"2bbeade\" data-element_type=\"widget\" data-widget_type=\"heading.default\">\n\t\t\t\t<div class=\"elementor-widget-container\">\n\t\t\t<style>\/*! elementor - v3.19.0 - 07-02-2024 *\/\n.elementor-heading-title{padding:0;margin:0;line-height:1}.elementor-widget-heading .elementor-heading-title[class*=elementor-size-]>a{color:inherit;font-size:inherit;line-height:inherit}.elementor-widget-heading .elementor-heading-title.elementor-size-small{font-size:15px}.elementor-widget-heading .elementor-heading-title.elementor-size-medium{font-size:19px}.elementor-widget-heading .elementor-heading-title.elementor-size-large{font-size:29px}.elementor-widget-heading .elementor-heading-title.elementor-size-xl{font-size:39px}.elementor-widget-heading .elementor-heading-title.elementor-size-xxl{font-size:59px}<\/style><h2 class=\"elementor-heading-title elementor-size-default\">K\u00f6z\u00f6ss\u00e9gbar\u00e1t<\/h2>\t\t<\/div>\n\t\t\t\t<\/div>\n\t\t\t\t<div class=\"elementor-element elementor-element-8401591 elementor-widget elementor-widget-heading\" data-id=\"8401591\" data-element_type=\"widget\" data-widget_type=\"heading.default\">\n\t\t\t\t<div class=\"elementor-widget-container\">\n\t\t\t<h3 class=\"elementor-heading-title elementor-size-default\">Megb\u00edzhat\u00f3 \u00fatit\u00e1rsa<\/h3>\t\t<\/div>\n\t\t\t\t<\/div>\n\t\t<div class=\"elementor-element elementor-element-b0709b0 e-con-full e-flex e-con e-child\" data-id=\"b0709b0\" data-element_type=\"container\" data-settings=\"{&quot;content_width&quot;:&quot;full&quot;,&quot;background_background&quot;:&quot;classic&quot;,&quot;container_type&quot;:&quot;flex&quot;}\">\n\t\t\t\t<div class=\"elementor-element elementor-element-56d2120 elementor-absolute elementor-widget elementor-widget-image\" data-id=\"56d2120\" data-element_type=\"widget\" data-settings=\"{&quot;_position&quot;:&quot;absolute&quot;}\" data-widget_type=\"image.default\">\n\t\t\t\t<div class=\"elementor-widget-container\">\n\t\t\t<style>\/*! elementor - v3.19.0 - 07-02-2024 *\/\n.elementor-widget-image{text-align:center}.elementor-widget-image a{display:inline-block}.elementor-widget-image a img[src$=\".svg\"]{width:48px}.elementor-widget-image img{vertical-align:middle;display:inline-block}<\/style>\t\t\t\t\t\t\t\t\t\t<img fetchpriority=\"high\" decoding=\"async\" width=\"400\" height=\"180\" src=\"https:\/\/crazycameltravel.com\/wp-content\/uploads\/2024\/07\/about-decor.png\" class=\"attachment-full size-full wp-image-801\" alt=\"\" srcset=\"https:\/\/crazycameltravel.com\/wp-content\/uploads\/2024\/07\/about-decor.png 400w, https:\/\/crazycameltravel.com\/wp-content\/uploads\/2024\/07\/about-decor-300x135.png 300w\" sizes=\"(max-width: 400px) 100vw, 400px\" \/>\t\t\t\t\t\t\t\t\t\t\t\t\t<\/div>\n\t\t\t\t<\/div>\n\t\t\t\t<div class=\"elementor-element elementor-element-830f599 elementor-absolute elementor-widget elementor-widget-image\" data-id=\"830f599\" data-element_type=\"widget\" data-settings=\"{&quot;_position&quot;:&quot;absolute&quot;}\" data-widget_type=\"image.default\">\n\t\t\t\t<div class=\"elementor-widget-container\">\n\t\t\t\t\t\t\t\t\t\t\t\t\t<img decoding=\"async\" width=\"387\" height=\"292\" src=\"https:\/\/crazycameltravel.com\/wp-content\/uploads\/2024\/08\/ab-decor.png\" class=\"attachment-full size-full wp-image-6087\" alt=\"\" srcset=\"https:\/\/crazycameltravel.com\/wp-content\/uploads\/2024\/08\/ab-decor.png 387w, https:\/\/crazycameltravel.com\/wp-content\/uploads\/2024\/08\/ab-decor-300x226.png 300w\" sizes=\"(max-width: 387px) 100vw, 387px\" \/>\t\t\t\t\t\t\t\t\t\t\t\t\t<\/div>\n\t\t\t\t<\/div>\n\t\t\t\t<div class=\"elementor-element elementor-element-d793a09 e-n-tabs-mobile elementor-widget elementor-widget-n-tabs\" data-id=\"d793a09\" data-element_type=\"widget\" data-settings=\"{&quot;tabs_justify_horizontal&quot;:&quot;start&quot;,&quot;horizontal_scroll&quot;:&quot;disable&quot;}\" data-widget_type=\"nested-tabs.default\">\n\t\t\t\t<div class=\"elementor-widget-container\">\n\t\t\t\t\t<div class=\"e-n-tabs\" data-widget-number=\"226\" aria-label=\"Tabs. Open items with Enter or Space, close with Escape and navigate using the Arrow keys.\">\n\t\t\t<div class=\"e-n-tabs-heading\" role=\"tablist\">\n\t\t\t\t\t\t\t<button id=\"e-n-tabs-title-2261\" class=\"e-n-tab-title\" aria-selected=\"true\" data-tab-index=\"1\" role=\"tab\" tabindex=\"0\" aria-controls=\"e-n-tab-content-2261\" style=\"--n-tabs-title-order: 1;\">\n\t\t\t\t<span class=\"e-n-tab-icon\">\n\t\t\t\t\t\t\t\t\t\t\t\t\t\t<\/span>\n\t\t\t\t<span class=\"e-n-tab-title-text\">\n\t\t\t\t\tK\u00fcldet\u00e9s\u00fcnk\t\t\t\t<\/span>\n\t\t\t<\/button>\n\t\t\t\t\t<\/div>\n\t\t\t<div class=\"e-n-tabs-content\">\n\t\t\t\t<div id=\"e-n-tab-content-2261\" role=\"tabpanel\" aria-labelledby=\"e-n-tabs-title-2261\" data-tab-index=\"1\" style=\"--n-tabs-title-order: 1;\" class=\"e-active elementor-element elementor-element-3dc5918 e-con-full e-flex e-con e-child\" data-id=\"3dc5918\" data-element_type=\"container\" data-settings=\"{&quot;content_width&quot;:&quot;full&quot;,&quot;container_type&quot;:&quot;flex&quot;}\">\n\t\t<div class=\"elementor-element elementor-element-83fa43f e-con-full e-flex e-con e-child\" data-id=\"83fa43f\" data-element_type=\"container\" data-settings=\"{&quot;content_width&quot;:&quot;full&quot;,&quot;container_type&quot;:&quot;flex&quot;}\">\n\t\t\t\t<div class=\"elementor-element elementor-element-14e9bc6 elementor-widget elementor-widget-text-editor\" data-id=\"14e9bc6\" data-element_type=\"widget\" data-widget_type=\"text-editor.default\">\n\t\t\t\t<div class=\"elementor-widget-container\">\n\t\t\t<style>\/*! elementor - v3.19.0 - 07-02-2024 *\/\n.elementor-widget-text-editor.elementor-drop-cap-view-stacked .elementor-drop-cap{background-color:#69727d;color:#fff}.elementor-widget-text-editor.elementor-drop-cap-view-framed .elementor-drop-cap{color:#69727d;border:3px solid;background-color:transparent}.elementor-widget-text-editor:not(.elementor-drop-cap-view-default) .elementor-drop-cap{margin-top:8px}.elementor-widget-text-editor:not(.elementor-drop-cap-view-default) .elementor-drop-cap-letter{width:1em;height:1em}.elementor-widget-text-editor .elementor-drop-cap{float:left;text-align:center;line-height:1;font-size:50px}.elementor-widget-text-editor .elementor-drop-cap-letter{display:inline-block}<\/style>\t\t\t\t<p>Rendk\u00edv\u00fcli utaz\u00e1si \u00e9lm\u00e9nyek biztos\u00edt\u00e1sa, amelyek bemutatj\u00e1k Egyiptom gazdag \u00f6r\u00f6ks\u00e9g\u00e9t, mik\u00f6zben biztos\u00edtj\u00e1k a fenntarthat\u00f3 turisztikai gyakorlatokat \u00e9s t\u00e1mogatj\u00e1k a helyi k\u00f6z\u00f6ss\u00e9geket. Arra t\u00f6reksz\u00fcnk, hogy minden utaz\u00e1s ne csak egy utaz\u00e1s legyen, hanem egy elmes\u00e9l\u00e9sre \u00e9rdemes t\u00f6rt\u00e9net.<\/p>\t\t\t\t\t\t<\/div>\n\t\t\t\t<\/div>\n\t\t\t\t<div class=\"elementor-element elementor-element-5a4450f elementor-widget elementor-widget-text-editor\" data-id=\"5a4450f\" data-element_type=\"widget\" data-widget_type=\"text-editor.default\">\n\t\t\t\t<div class=\"elementor-widget-container\">\n\t\t\t\t\t\t\t<p>Legyen a legmegb\u00edzhat\u00f3bb n\u00e9v az egyiptomi turizmusban, amely kiv\u00e9teles szolg\u00e1ltat\u00e1sunkr\u00f3l, hiteles \u00e9lm\u00e9nyeinkr\u0151l \u00e9s a felel\u0151ss\u00e9gteljes utaz\u00e1s ir\u00e1nti elk\u00f6telezetts\u00e9g\u00fcnkr\u0151l ismert. C\u00e9lunk, hogy \u00e1thidaljuk a kult\u00far\u00e1kat, \u00e9s tart\u00f3s kapcsolatokat teremts\u00fcnk az utaz\u00f3k \u00e9s szeretett Egyiptom k\u00f6z\u00f6tt.<\/p>\t\t\t\t\t\t<\/div>\n\t\t\t\t<\/div>\n\t\t<div class=\"elementor-element elementor-element-813ddd4 e-con-full e-flex e-con e-child\" data-id=\"813ddd4\" data-element_type=\"container\" data-settings=\"{&quot;content_width&quot;:&quot;full&quot;,&quot;container_type&quot;:&quot;flex&quot;}\">\n\t\t\t\t<div class=\"elementor-element elementor-element-377c04f elementor-widget elementor-widget-counter\" data-id=\"377c04f\" data-element_type=\"widget\" data-widget_type=\"counter.default\">\n\t\t\t\t<div class=\"elementor-widget-container\">\n\t\t\t<style>\/*! elementor - v3.19.0 - 07-02-2024 *\/\n.elementor-counter .elementor-counter-number-wrapper{display:flex;font-size:69px;font-weight:600;line-height:1}.elementor-counter .elementor-counter-number-prefix,.elementor-counter .elementor-counter-number-suffix{flex-grow:1;white-space:pre-wrap}.elementor-counter .elementor-counter-number-prefix{text-align:right}.elementor-counter .elementor-counter-number-suffix{text-align:left}.elementor-counter .elementor-counter-title{text-align:center;font-size:19px;font-weight:400;line-height:2.5}<\/style>\t\t<div class=\"elementor-counter\">\n\t\t\t<div class=\"elementor-counter-number-wrapper\">\n\t\t\t\t<span class=\"elementor-counter-number-prefix\"><\/span>\n\t\t\t\t<span class=\"elementor-counter-number\" data-duration=\"2000\" data-to-value=\"1500\" data-from-value=\"0\">0<\/span>\n\t\t\t\t<span class=\"elementor-counter-number-suffix\">+<\/span>\n\t\t\t<\/div>\n\t\t\t\t\t\t\t<div class=\"elementor-counter-title\">L\u00e1tnival\u00f3k vil\u00e1gszerte<\/div>\n\t\t\t\t\t<\/div>\n\t\t\t\t<\/div>\n\t\t\t\t<\/div>\n\t\t\t\t<div class=\"elementor-element elementor-element-769871c elementor-widget elementor-widget-counter\" data-id=\"769871c\" data-element_type=\"widget\" data-widget_type=\"counter.default\">\n\t\t\t\t<div class=\"elementor-widget-container\">\n\t\t\t\t\t<div class=\"elementor-counter\">\n\t\t\t<div class=\"elementor-counter-number-wrapper\">\n\t\t\t\t<span class=\"elementor-counter-number-prefix\"><\/span>\n\t\t\t\t<span class=\"elementor-counter-number\" data-duration=\"2000\" data-to-value=\"7.5\" data-from-value=\"0\" data-delimiter=\",\">0<\/span>\n\t\t\t\t<span class=\"elementor-counter-number-suffix\">M+<\/span>\n\t\t\t<\/div>\n\t\t\t\t\t\t\t<div class=\"elementor-counter-title\">Utaz\u00f3k felfedezni<\/div>\n\t\t\t\t\t<\/div>\n\t\t\t\t<\/div>\n\t\t\t\t<\/div>\n\t\t\t\t<\/div>\n\t\t\t\t<\/div>\n\t\t<div class=\"elementor-element elementor-element-d30cb55 e-con-full e-flex e-con e-child\" data-id=\"d30cb55\" data-element_type=\"container\" data-settings=\"{&quot;content_width&quot;:&quot;full&quot;,&quot;container_type&quot;:&quot;flex&quot;}\">\n\t\t\t\t<div class=\"elementor-element elementor-element-9dae78a elementor-invisible elementor-widget elementor-widget-image\" data-id=\"9dae78a\" data-element_type=\"widget\" data-settings=\"{&quot;_animation&quot;:&quot;opal-move-left&quot;}\" data-widget_type=\"image.default\">\n\t\t\t\t<div class=\"elementor-widget-container\">\n\t\t\t\t\t\t\t\t\t\t\t\t\t<img decoding=\"async\" width=\"800\" height=\"600\" src=\"https:\/\/crazycameltravel.com\/wp-content\/uploads\/2024\/09\/Hurghada-Egypt1.jpg\" class=\"attachment-full size-full wp-image-6345\" alt=\"\" srcset=\"https:\/\/crazycameltravel.com\/wp-content\/uploads\/2024\/09\/Hurghada-Egypt1.jpg 800w, https:\/\/crazycameltravel.com\/wp-content\/uploads\/2024\/09\/Hurghada-Egypt1-300x225.jpg 300w, https:\/\/crazycameltravel.com\/wp-content\/uploads\/2024\/09\/Hurghada-Egypt1-768x576.jpg 768w\" sizes=\"(max-width: 800px) 100vw, 800px\" \/>\t\t\t\t\t\t\t\t\t\t\t\t\t<\/div>\n\t\t\t\t<\/div>\n\t\t\t\t<\/div>\n\t\t\t\t<\/div>\n\t\t\t\t\t<\/div>\n\t\t<\/div>\n\t\t\t\t<\/div>\n\t\t\t\t<\/div>\n\t\t\t\t<\/div>\n\t\t\t\t\t<\/div>\n\t\t\t\t<\/div>\n\t\t\t\t<\/div>","protected":false},"excerpt":{"rendered":"<p>Community Friendly Your trusted trip companion Our Mission To provide extraordinary travel experiences that showcase Egypt&#8217;s rich heritage while ensuring sustainable tourism practices and supporting local communities. We strive to make every journey not just a trip, but a story worth telling. To be the most trusted name in Egyptian tourism, known for our exceptional [&hellip;]<\/p>","protected":false},"author":1,"featured_media":0,"parent":0,"menu_order":0,"comment_status":"closed","ping_status":"closed","template":"template-homepage.php","meta":{"footnotes":""},"class_list":["post-41","page","type-page","status-publish","hentry"],"_links":{"self":[{"href":"https:\/\/crazycameltravel.com\/hu\/wp-json\/wp\/v2\/pages\/41","targetHints":{"allow":["GET"]}}],"collection":[{"href":"https:\/\/crazycameltravel.com\/hu\/wp-json\/wp\/v2\/pages"}],"about":[{"href":"https:\/\/crazycameltravel.com\/hu\/wp-json\/wp\/v2\/types\/page"}],"author":[{"embeddable":true,"href":"https:\/\/crazycameltravel.com\/hu\/wp-json\/wp\/v2\/users\/1"}],"replies":[{"embeddable":true,"href":"https:\/\/crazycameltravel.com\/hu\/wp-json\/wp\/v2\/comments?post=41"}],"version-history":[{"count":12,"href":"https:\/\/crazycameltravel.com\/hu\/wp-json\/wp\/v2\/pages\/41\/revisions"}],"predecessor-version":[{"id":6665,"href":"https:\/\/crazycameltravel.com\/hu\/wp-json\/wp\/v2\/pages\/41\/revisions\/6665"}],"wp:attachment":[{"href":"https:\/\/crazycameltravel.com\/hu\/wp-json\/wp\/v2\/media?parent=41"}],"curies":[{"name":"wp","href":"https:\/\/api.w.org\/{rel}","templated":true}]}}